{"id":101,"date":"2026-03-31T20:56:00","date_gmt":"2026-03-31T20:56:00","guid":{"rendered":"https:\/\/example.com\/?page_id=101"},"modified":"2026-04-01T00:02:00","modified_gmt":"2026-04-01T00:02:00","slug":"accueil","status":"publish","type":"page","link":"https:\/\/www.kviar.fr\/","title":{"rendered":"Accueil"},"content":{"rendered":"\n\t<section class=\"section kviar-hero dark\" id=\"section_598193841\">\n\t\t<div class=\"section-bg fill\" >\n\t\t\t<img loading=\"lazy\" decoding=\"async\" width=\"1536\" height=\"1024\" src=\"https:\/\/www.kviar.fr\/wp-content\/uploads\/2026\/03\/La-Maison.png\" class=\"bg attachment- size-\" alt=\"\" \/>\t\t\t\t\t\t\n\t\t\t\n\n\t\t<\/div>\n\n\t\t\n\n\t\t<div class=\"section-content relative\">\n\t\t\t\n<div class=\"row align-middle\"  id=\"row-459371605\">\n\n\t<div id=\"col-1414830288\" class=\"col large-12\"  >\n\t\t\t\t<div class=\"col-inner text-center\"  >\n\t\t\t\n\t\t\t\n<h2 style=\"color: #c7a35d;\"><img loading=\"lazy\" decoding=\"async\" class=\"alignnone size-medium wp-image-142\" src=\"https:\/\/www.kviar.fr\/wp-content\/uploads\/2026\/04\/name-300x58.png\" alt=\"\" width=\"300\" height=\"58\" srcset=\"https:\/\/www.kviar.fr\/wp-content\/uploads\/2026\/04\/name-300x58.png 300w, https:\/\/www.kviar.fr\/wp-content\/uploads\/2026\/04\/name-768x148.png 768w, https:\/\/www.kviar.fr\/wp-content\/uploads\/2026\/04\/name-600x116.png 600w, https:\/\/www.kviar.fr\/wp-content\/uploads\/2026\/04\/name.png 784w\" sizes=\"auto, (max-width: 300px) 100vw, 300px\" \/><\/h2>\n<h1 style=\"color: #ffffff;\">L\u2019exquise saveur des perles noires<\/h1>\n<p style=\"color: #f3efe7;\">Maison Kviar vous propose un mets d\u2019exception aux saveurs iod\u00e9es et subtiles, issu des meilleurs esturgeons pour des instants rares et raffin\u00e9s.<\/p>\n<a href=\"#nos-caviars\" class=\"button primary is-outline\" >\n\t\t<span>D\u00e9couvrir nos caviars<\/span>\n\t<\/a>\n\n<a href=\"#contact\" class=\"button white is-outline\" >\n\t\t<span>Nous contacter<\/span>\n\t<\/a>\n\n\t\t<\/div>\n\t\t\t\t\t<\/div>\n\n\t\n<\/div>\n\t\t<\/div>\n\n\t\t\n<style>\n#section_598193841 {\n  padding-top: 0px;\n  padding-bottom: 0px;\n  background-color: rgb(11,11,11);\n}\n<\/style>\n\t<\/section>\n\t\n\n\t<section class=\"section dark\" id=\"section_105131244\">\n\t\t<div class=\"section-bg fill\" >\n\t\t\t\t\t\t\t\t\t\n\t\t\t\n\n\t\t<\/div>\n\n\t\t\n\n\t\t<div class=\"section-content relative\">\n\t\t\t\n<div class=\"row\"  id=\"row-2051084038\">\n\n\t<div id=\"col-1753227013\" class=\"col medium-6 large-6\"  >\n\t\t\t\t<div class=\"col-inner\"  >\n\t\t\t\n\t\t\t\n\t<div class=\"img has-hover x md-x lg-x y md-y lg-y\" id=\"image_1713156209\">\n\t\t\t\t\t\t\t\t<div class=\"img-inner dark\" >\n\t\t\t<img loading=\"lazy\" decoding=\"async\" width=\"1020\" height=\"680\" src=\"https:\/\/www.kviar.fr\/wp-content\/uploads\/2026\/03\/handling-1024x683.png\" class=\"attachment-large size-large\" alt=\"\" srcset=\"https:\/\/www.kviar.fr\/wp-content\/uploads\/2026\/03\/handling-1024x683.png 1024w, https:\/\/www.kviar.fr\/wp-content\/uploads\/2026\/03\/handling-300x200.png 300w, https:\/\/www.kviar.fr\/wp-content\/uploads\/2026\/03\/handling-768x512.png 768w, https:\/\/www.kviar.fr\/wp-content\/uploads\/2026\/03\/handling-600x400.png 600w, https:\/\/www.kviar.fr\/wp-content\/uploads\/2026\/03\/handling.png 1536w\" sizes=\"auto, (max-width: 1020px) 100vw, 1020px\" \/>\t\t\t\t\t\t\n\t\t\t\t\t<\/div>\n\t\t\t\t\t\t\t\t\n<style>\n#image_1713156209 {\n  width: 100%;\n}\n<\/style>\n\t<\/div>\n\t\n\t\t<\/div>\n\t\t\t\t\t<\/div>\n\n\t\n\n\t<div id=\"col-1549161516\" class=\"col medium-6 large-6\"  >\n\t\t\t\t<div class=\"col-inner\"  >\n\t\t\t\n\t\t\t\n<h2 style=\"color:#C7A35D;\">Le luxe dans sa forme la plus pure<\/h2>\n<p style=\"color:#F3EFE7;\">Le vrai luxe se trouve dans la ma\u00eetrise du temps, la rigueur du geste et le respect du vivant. C\u2019est dans cet esprit que notre s\u00e9lection provient d\u2019\u00e9levages du monde entier.<\/p>\n<p style=\"color:#F3EFE7;\">Nos experts partenaires se rendent dans les piscicultures plusieurs fois par an pour s\u00e9lectionner avec passion les plus beaux poissons. La s\u00e9lection sur place constitue une \u00e9tape indispensable dans l\u2019acheminement d\u2019une marchandise irr\u00e9prochable, perp\u00e9tuant une tradition aussi s\u00e9culaire qu\u2019exigeante.<\/p>\n\t\t<\/div>\n\t\t\t\t\t<\/div>\n\n\t\n<\/div>\n\t\t<\/div>\n\n\t\t\n<style>\n#section_105131244 {\n  padding-top: 90px;\n  padding-bottom: 90px;\n  background-color: rgb(23,23,23);\n}\n<\/style>\n\t<\/section>\n\t\n\n\t<section class=\"section dark\" id=\"section_1543766800\">\n\t\t<div class=\"section-bg fill\" >\n\t\t\t\t\t\t\t\t\t\n\t\t\t\n\n\t\t<\/div>\n\n\t\t\n\n\t\t<div class=\"section-content relative\">\n\t\t\t\n<div class=\"row\"  id=\"row-351597475\">\n\n\t<div id=\"col-168510358\" class=\"col large-12\"  >\n\t\t\t\t<div class=\"col-inner text-center\"  >\n\t\t\t\n\t\t\t\n<h2 style=\"color:#C7A35D;\">Un savoir-faire de pr\u00e9cision, de patience et de passion<\/h2>\n<p style=\"color:#F3EFE7;\">Sp\u00e9cialiste du caviar d\u2019esturgeon, Kviar est le garant d\u2019un savoir-faire exigeant, fond\u00e9 sur la pr\u00e9cision, la patience et la passion.<\/p>\n<p style=\"color:#F3EFE7;\">Chaque grain Kviar est le fruit d\u2019un travail m\u00e9ticuleux : de l\u2019\u00e9levage des esturgeons dans des eaux parfaitement contr\u00f4l\u00e9es \u00e0 l\u2019affinage lent qui r\u00e9v\u00e8le l\u2019\u00e9quilibre id\u00e9al entre caract\u00e8re et finesse.<\/p>\n\t\t<\/div>\n\t\t\t\t\t<\/div>\n\n\t\n<\/div>\n\t\t<\/div>\n\n\t\t\n<style>\n#section_1543766800 {\n  padding-top: 80px;\n  padding-bottom: 80px;\n  background-color: rgb(11,11,11);\n}\n<\/style>\n\t<\/section>\n\t\n\n\t<section class=\"section\" id=\"section_1517231115\">\n\t\t<div class=\"section-bg fill\" >\n\t\t\t\t\t\t\t\t\t\n\t\t\t\n\n\t\t<\/div>\n\n\t\t\n\n\t\t<div class=\"section-content relative\">\n\t\t\t\n<div class=\"row\"  id=\"row-1847348108\">\n\n\t<div id=\"col-327430454\" class=\"col medium-4 large-4\"  >\n\t\t\t\t<div class=\"col-inner\"  >\n\t\t\t\n\t\t\t\n\t<div id=\"text-924568385\" class=\"text\">\n\t\t\n[icon_box icon=&#8221;icon-star&#8221; title=&#8221;S\u00e9lection rigoureuse&#8221; text=&#8221;Des partenaires choisis avec exigence et une pr\u00e9sence sur place pour garantir la qualit\u00e9.&#8221;]\n\t\t\n<style>\n#text-924568385 {\n  color: rgb(0,0,0);\n}\n#text-924568385 > * {\n  color: rgb(0,0,0);\n}\n<\/style>\n\t<\/div>\n\t\n\t\t<\/div>\n\t\t\t\t\t<\/div>\n\n\t\n\n\t<div id=\"col-827134551\" class=\"col medium-4 large-4\"  >\n\t\t\t\t<div class=\"col-inner\"  >\n\t\t\t\n\t\t\t\n[icon_box icon=&#8221;icon-heart&#8221; title=&#8221;Luxe discret&#8221; text=&#8221;Une \u00e9l\u00e9gance pure, centr\u00e9e sur la qualit\u00e9 absolue et l\u2019exp\u00e9rience gustative.&#8221;]\n\t\t<\/div>\n\t\t\t\t\t<\/div>\n\n\t\n\n\t<div id=\"col-433514234\" class=\"col medium-4 large-4\"  >\n\t\t\t\t<div class=\"col-inner\"  >\n\t\t\t\n\t\t\t\n[icon_box icon=&#8221;icon-checkmark&#8221; title=&#8221;Tra\u00e7abilit\u00e9&#8221; text=&#8221;Chaque lot est suivi avec pr\u00e9cision, de l\u2019\u00e9levage au client final.&#8221;]\n\t\t<\/div>\n\t\t\t\t\t<\/div>\n\n\t\n<\/div>\n\t\t<\/div>\n\n\t\t\n<style>\n#section_1517231115 {\n  padding-top: 70px;\n  padding-bottom: 70px;\n  background-color: rgb(243,239,231);\n}\n<\/style>\n\t<\/section>\n\t\n\n\t<section class=\"section dark\" id=\"section_609756433\">\n\t\t<div class=\"section-bg fill\" >\n\t\t\t\t\t\t\t\t\t\n\t\t\t\n\n\t\t<\/div>\n\n\t\t\n\n\t\t<div class=\"section-content relative\">\n\t\t\t\n<div class=\"row\"  id=\"row-1976734532\">\n\n\t<div id=\"col-773622696\" class=\"col large-12\"  >\n\t\t\t\t<div class=\"col-inner text-center\"  >\n\t\t\t\n\t\t\t\n<h2 style=\"color:#C7A35D;\">Nos caviars d\u2019exception<\/h2>\n\t\t<\/div>\n\t\t\t\t\t<\/div>\n\n\t\n<\/div>\n<div class=\"row\"  id=\"row-316929554\">\n\n\t<div id=\"col-1589023243\" class=\"col medium-4 large-4\"  >\n\t\t\t\t<div class=\"col-inner\"  >\n\t\t\t\n\t\t\t\n<div style=\"background:#171717; padding:30px; color:#F3EFE7;\">\n<h3 style=\"color:#C7A35D;\">Royal Select<\/h3>\n<p>Complexe et puissant, saveurs iod\u00e9es et min\u00e9rales relev\u00e9es d\u2019accords fruit\u00e9s.<\/p>\n<\/div>\n\t\t<\/div>\n\t\t\t\t\t<\/div>\n\n\t\n\n\t<div id=\"col-1377787012\" class=\"col medium-4 large-4\"  >\n\t\t\t\t<div class=\"col-inner\"  >\n\t\t\t\n\t\t\t\n<div style=\"background:#171717; padding:30px; color:#F3EFE7;\">\n<h3 style=\"color:#C7A35D;\">Oscietra<\/h3>\n<p>Saveurs marines, notes subtiles de noix et grande persistance.<\/p>\n<\/div>\n\t\t<\/div>\n\t\t\t\t\t<\/div>\n\n\t\n\n\t<div id=\"col-504613216\" class=\"col medium-4 large-4\"  >\n\t\t\t\t<div class=\"col-inner\"  >\n\t\t\t\n\t\t\t\n<div style=\"background:#171717; padding:30px; color:#F3EFE7;\">\n<h3 style=\"color:#C7A35D;\">Imperial Gold<\/h3>\n<p>Une s\u00e9lection rare aux reflets dor\u00e9s, destin\u00e9e aux connaisseurs.<\/p>\n<\/div>\n\t\t<\/div>\n\t\t\t\t\t<\/div>\n\n\t\n<\/div>\n<div class=\"row\"  id=\"row-1968552607\">\n\n\t<div id=\"col-181300210\" class=\"col medium-6 large-6\"  >\n\t\t\t\t<div class=\"col-inner\"  >\n\t\t\t\n\t\t\t\n<div style=\"background:#171717; padding:30px; color:#F3EFE7;\">\n<h3 style=\"color:#C7A35D;\">Kaluga<\/h3>\n<p>Ar\u00f4mes marins g\u00e9n\u00e9reux et texture ferme d\u2019une grande \u00e9l\u00e9gance.<\/p>\n<\/div>\n\t\t<\/div>\n\t\t\t\t\t<\/div>\n\n\t\n\n\t<div id=\"col-1471485712\" class=\"col medium-6 large-6\"  >\n\t\t\t\t<div class=\"col-inner\"  >\n\t\t\t\n\t\t\t\n<div style=\"background:#171717; padding:30px; color:#F3EFE7;\">\n<h3 style=\"color:#C7A35D;\">Beluga<\/h3>\n<p>Le plus prestigieux, aux notes raffin\u00e9es et \u00e0 la longueur inimitable.<\/p>\n<\/div>\n\t\t<\/div>\n\t\t\t\t\t<\/div>\n\n\t\n<\/div>\n\t\t<\/div>\n\n\t\t\n<style>\n#section_609756433 {\n  padding-top: 90px;\n  padding-bottom: 90px;\n  background-color: rgb(11,11,11);\n}\n<\/style>\n\t<\/section>\n\t\n\n\t<section class=\"section dark\" id=\"section_1606118373\">\n\t\t<div class=\"section-bg fill\" >\n\t\t\t\t\t\t\t\t\t\n\t\t\t\n\n\t\t<\/div>\n\n\t\t\n\n\t\t<div class=\"section-content relative\">\n\t\t\t\n<div class=\"row\"  id=\"row-129601963\">\n\n\t<div id=\"col-1957625715\" class=\"col medium-6 large-6\"  >\n\t\t\t\t<div class=\"col-inner\"  >\n\t\t\t\n\t\t\t\n<h2 style=\"color:#C7A35D;\">Une exclusivit\u00e9 pour les connaisseurs<\/h2>\n<p style=\"color:#F3EFE7;\">Chez KVIAR, nous vous guidons toute l\u2019ann\u00e9e dans l\u2019univers du caviar et vous proposons une exclusivit\u00e9 d\u2019exception : l\u2019Imperial Gold, un caviar raffin\u00e9 qui fera sensation aupr\u00e8s de vos convives, \u00e0 un prix exceptionnel gr\u00e2ce \u00e0 cette offre limit\u00e9e.<\/p>\n<a href=\"#contact\" class=\"button primary is-outline\" >\n\t\t<span>Demander les tarifs<\/span>\n\t<\/a>\n\n\t\t<\/div>\n\t\t\t\t\t<\/div>\n\n\t\n\n\t<div id=\"col-1137588362\" class=\"col medium-6 large-6\"  >\n\t\t\t\t<div class=\"col-inner\"  >\n\t\t\t\n\t\t\t\n\t<div class=\"img has-hover x md-x lg-x y md-y lg-y\" id=\"image_1350413486\">\n\t\t\t\t\t\t\t\t<div class=\"img-inner dark\" >\n\t\t\t\t\t\t\t\t\t\n\t\t\t\t\t<\/div>\n\t\t\t\t\t\t\t\t\n<style>\n#image_1350413486 {\n  width: 100%;\n}\n<\/style>\n\t<\/div>\n\t\n\t\t<\/div>\n\t\t\t\t\t<\/div>\n\n\t\n<\/div>\n\t\t<\/div>\n\n\t\t\n<style>\n#section_1606118373 {\n  padding-top: 80px;\n  padding-bottom: 80px;\n  background-color: rgb(23,23,23);\n}\n<\/style>\n\t<\/section>\n\t\n\n\t<section class=\"section\" id=\"section_1454614772\">\n\t\t<div class=\"section-bg fill\" >\n\t\t\t\t\t\t\t\t\t\n\t\t\t\n\n\t\t<\/div>\n\n\t\t\n\n\t\t<div class=\"section-content relative\">\n\t\t\t\n<div class=\"row\"  id=\"row-74045411\">\n\n\t<div id=\"col-1580648883\" class=\"col large-12\"  >\n\t\t\t\t<div class=\"col-inner text-center\"  >\n\t\t\t\n\t\t\t\n<h2 style=\"color:#A67C2E;\">Maison Kviar \u2013 L\u2019excellence qui se savoure<\/h2>\n<p>Un luxe qui place la qualit\u00e9 bien avant les artifices.<\/p>\n<a href=\"#contact\" class=\"button primary is-fill\" >\n\t\t<span>Nous contacter<\/span>\n\t<\/a>\n\n\t\t<\/div>\n\t\t\t\t\t<\/div>\n\n\t\n<\/div>\n\t\t<\/div>\n\n\t\t\n<style>\n#section_1454614772 {\n  padding-top: 70px;\n  padding-bottom: 70px;\n  background-color: rgb(243,239,231);\n}\n<\/style>\n\t<\/section>\n\t\n","protected":false},"excerpt":{"rendered":"","protected":false},"author":1,"featured_media":0,"parent":0,"menu_order":1,"comment_status":"closed","ping_status":"closed","template":"","meta":{"footnotes":""},"class_list":["post-101","page","type-page","status-publish","hentry"],"_links":{"self":[{"href":"https:\/\/www.kviar.fr\/index.php\/wp-json\/wp\/v2\/pages\/101","targetHints":{"allow":["GET"]}}],"collection":[{"href":"https:\/\/www.kviar.fr\/index.php\/wp-json\/wp\/v2\/pages"}],"about":[{"href":"https:\/\/www.kviar.fr\/index.php\/wp-json\/wp\/v2\/types\/page"}],"author":[{"embeddable":true,"href":"https:\/\/www.kviar.fr\/index.php\/wp-json\/wp\/v2\/users\/1"}],"replies":[{"embeddable":true,"href":"https:\/\/www.kviar.fr\/index.php\/wp-json\/wp\/v2\/comments?post=101"}],"version-history":[{"count":10,"href":"https:\/\/www.kviar.fr\/index.php\/wp-json\/wp\/v2\/pages\/101\/revisions"}],"predecessor-version":[{"id":143,"href":"https:\/\/www.kviar.fr\/index.php\/wp-json\/wp\/v2\/pages\/101\/revisions\/143"}],"wp:attachment":[{"href":"https:\/\/www.kviar.fr\/index.php\/wp-json\/wp\/v2\/media?parent=101"}],"curies":[{"name":"wp","href":"https:\/\/api.w.org\/{rel}","templated":true}]}}