{"id":102,"date":"2026-03-31T20:56:00","date_gmt":"2026-03-31T20:56:00","guid":{"rendered":"https:\/\/example.com\/?page_id=102"},"modified":"2026-03-31T22:36:08","modified_gmt":"2026-03-31T22:36:08","slug":"la-maison","status":"publish","type":"page","link":"https:\/\/www.kviar.fr\/index.php\/la-maison\/","title":{"rendered":"La Maison"},"content":{"rendered":"\n\t<section class=\"section dark\" id=\"section_1932806284\">\n\t\t<div class=\"section-bg fill\" >\n\t\t\t\t\t\t\t\t\t\n\t\t\t\n\n\t\t<\/div>\n\n\t\t\n\n\t\t<div class=\"section-content relative\">\n\t\t\t\n<div class=\"row\"  id=\"row-341269418\">\n\n\t<div id=\"col-1900300394\" class=\"col medium-12 large-12\"  >\n\t\t\t\t<div class=\"col-inner text-center\"  >\n\t\t\t\n\t\t\t\n<h1 style=\"color:#C7A35D;\">La Maison Kviar<\/h1>\n<p style=\"color:#F3EFE7;\">Maison Kviar s\u00e9lectionne un caviar d\u2019exception pour une client\u00e8le en qu\u00eate d\u2019authenticit\u00e9, de raffinement et de qualit\u00e9 absolue.<\/p>\n\t\t<\/div>\n\t\t\t\t\t<\/div>\n\n\t\n<\/div>\n\t\t<\/div>\n\n\t\t\n<style>\n#section_1932806284 {\n  padding-top: 90px;\n  padding-bottom: 90px;\n  background-color: rgb(11,11,11);\n}\n<\/style>\n\t<\/section>\n\t\n\n\t<section class=\"section dark\" id=\"section_378776022\">\n\t\t<div class=\"section-bg fill\" >\n\t\t\t\t\t\t\t\t\t\n\t\t\t\n\n\t\t<\/div>\n\n\t\t\n\n\t\t<div class=\"section-content relative\">\n\t\t\t\n<div class=\"row\"  id=\"row-1475789788\">\n\n\t<div id=\"col-1858126811\" class=\"col medium-6 large-6\"  >\n\t\t\t\t<div class=\"col-inner\"  >\n\t\t\t\n\t\t\t\n\t<div class=\"img has-hover x md-x lg-x y md-y lg-y\" id=\"image_1879527464\">\n\t\t\t\t\t\t\t\t<div class=\"img-inner dark\" >\n\t\t\t\t\t\t\t\t\t\n\t\t\t\t\t<\/div>\n\t\t\t\t\t\t\t\t\n<style>\n#image_1879527464 {\n  width: 100%;\n}\n<\/style>\n\t<\/div>\n\t\n\t\t<\/div>\n\t\t\t\t\t<\/div>\n\n\t\n\n\t<div id=\"col-526917635\" class=\"col medium-6 large-6\"  >\n\t\t\t\t<div class=\"col-inner\"  >\n\t\t\t\n\t\t\t\n<h2 style=\"color:#C7A35D;\">Le vrai luxe ne s\u2019improvise pas<\/h2>\n<p style=\"color:#F3EFE7;\">Le vrai luxe na\u00eet de la patience, de la ma\u00eetrise du temps et d\u2019un respect profond du vivant.<\/p>\n<p style=\"color:#F3EFE7;\">Nos experts partenaires se rendent plusieurs fois par an dans les piscicultures pour s\u00e9lectionner les plus beaux poissons. Cette pr\u00e9sence sur place garantit une exigence constante et une qualit\u00e9 au-dessus de tout soup\u00e7on.<\/p>\n\t\t<\/div>\n\t\t\t\t\t<\/div>\n\n\t\n<\/div>\n\t\t<\/div>\n\n\t\t\n<style>\n#section_378776022 {\n  padding-top: 80px;\n  padding-bottom: 80px;\n  background-color: rgb(23,23,23);\n}\n<\/style>\n\t<\/section>\n\t\n\n\t<section class=\"section\" id=\"section_977614920\">\n\t\t<div class=\"section-bg fill\" >\n\t\t\t\t\t\t\t\t\t\n\t\t\t\n\n\t\t<\/div>\n\n\t\t\n\n\t\t<div class=\"section-content relative\">\n\t\t\t\n<div class=\"row\"  id=\"row-1826866762\">\n\n\t<div id=\"col-277083410\" class=\"col medium-12 large-12\"  >\n\t\t\t\t<div class=\"col-inner\"  >\n\t\t\t\n\t\t\t\n<h2 style=\"color:#A67C2E;\">Implantation &#038; expertise<\/h2>\n<p>Soci\u00e9t\u00e9 fran\u00e7aise situ\u00e9e \u00e0 Cannes, KVIAR s\u2019approvisionne aupr\u00e8s de producteurs de caviar du monde entier et d\u00e9tient un num\u00e9ro d\u2019agr\u00e9ment europ\u00e9en B-VE 5526 CE, certification HACCP.<\/p>\n<p>Le produit arrive brut en Belgique et est trait\u00e9 par un laboratoire sp\u00e9cifique capable d\u2019effectuer son conditionnement dans les meilleures conditions d\u2019hygi\u00e8ne par un personnel qualifi\u00e9.<\/p>\n\t\t<\/div>\n\t\t\t\t\t<\/div>\n\n\t\n<\/div>\n\t\t<\/div>\n\n\t\t\n<style>\n#section_977614920 {\n  padding-top: 70px;\n  padding-bottom: 70px;\n  background-color: rgb(243,239,231);\n}\n<\/style>\n\t<\/section>\n\t\n","protected":false},"excerpt":{"rendered":"","protected":false},"author":1,"featured_media":0,"parent":0,"menu_order":0,"comment_status":"closed","ping_status":"closed","template":"","meta":{"footnotes":""},"class_list":["post-102","page","type-page","status-publish","hentry"],"_links":{"self":[{"href":"https:\/\/www.kviar.fr\/index.php\/wp-json\/wp\/v2\/pages\/102","targetHints":{"allow":["GET"]}}],"collection":[{"href":"https:\/\/www.kviar.fr\/index.php\/wp-json\/wp\/v2\/pages"}],"about":[{"href":"https:\/\/www.kviar.fr\/index.php\/wp-json\/wp\/v2\/types\/page"}],"author":[{"embeddable":true,"href":"https:\/\/www.kviar.fr\/index.php\/wp-json\/wp\/v2\/users\/1"}],"replies":[{"embeddable":true,"href":"https:\/\/www.kviar.fr\/index.php\/wp-json\/wp\/v2\/comments?post=102"}],"version-history":[{"count":1,"href":"https:\/\/www.kviar.fr\/index.php\/wp-json\/wp\/v2\/pages\/102\/revisions"}],"predecessor-version":[{"id":124,"href":"https:\/\/www.kviar.fr\/index.php\/wp-json\/wp\/v2\/pages\/102\/revisions\/124"}],"wp:attachment":[{"href":"https:\/\/www.kviar.fr\/index.php\/wp-json\/wp\/v2\/media?parent=102"}],"curies":[{"name":"wp","href":"https:\/\/api.w.org\/{rel}","templated":true}]}}