{"id":104,"date":"2026-03-31T20:56:00","date_gmt":"2026-03-31T20:56:00","guid":{"rendered":"https:\/\/example.com\/?page_id=104"},"modified":"2026-03-31T22:38:51","modified_gmt":"2026-03-31T22:38:51","slug":"conseils-de-degustation","status":"publish","type":"page","link":"https:\/\/www.kviar.fr\/index.php\/conseils-de-degustation\/","title":{"rendered":"Conseils de d\u00e9gustation"},"content":{"rendered":"\n\t<section class=\"section dark\" id=\"section_1858836332\">\n\t\t<div class=\"section-bg fill\" >\n\t\t\t\t\t\t\t\t\t\n\t\t\t\n\n\t\t<\/div>\n\n\t\t\n\n\t\t<div class=\"section-content relative\">\n\t\t\t\n<div class=\"row\"  id=\"row-681324780\">\n\n\t<div id=\"col-64372361\" class=\"col medium-12 large-12\"  >\n\t\t\t\t<div class=\"col-inner text-center\"  >\n\t\t\t\n\t\t\t\n<h1 style=\"color:#C7A35D;\">Conseils de d\u00e9gustation<\/h1>\n<p style=\"color:#F3EFE7;\">L\u2019art de d\u00e9guster le caviar avec pr\u00e9cision, simplicit\u00e9 et \u00e9l\u00e9gance.<\/p>\n\t\t<\/div>\n\t\t\t\t\t<\/div>\n\n\t\n<\/div>\n\t\t<\/div>\n\n\t\t\n<style>\n#section_1858836332 {\n  padding-top: 90px;\n  padding-bottom: 90px;\n  background-color: rgb(11,11,11);\n}\n<\/style>\n\t<\/section>\n\t\n\n\t<section class=\"section dark\" id=\"section_497557966\">\n\t\t<div class=\"section-bg fill\" >\n\t\t\t\t\t\t\t\t\t\n\t\t\t\n\n\t\t<\/div>\n\n\t\t\n\n\t\t<div class=\"section-content relative\">\n\t\t\t\n<div class=\"row\"  id=\"row-1660303972\">\n\n\t<div id=\"col-368381342\" class=\"col medium-6 large-6\"  >\n\t\t\t\t<div class=\"col-inner\"  >\n\t\t\t\n\t\t\t\n<h2 style=\"color:#C7A35D;\">Conservation<\/h2>\n<p style=\"color:#F3EFE7;\">Le caviar se conserve au r\u00e9frig\u00e9rateur entre 0 et 6\u00b0C. Ouvrez la bo\u00eete une dizaine de minutes avant le service et placez-la sur un lit de glace.<\/p>\n\t\t<\/div>\n\t\t\t\t\t<\/div>\n\n\t\n\n\t<div id=\"col-1705655491\" class=\"col medium-6 large-6\"  >\n\t\t\t\t<div class=\"col-inner\"  >\n\t\t\t\n\t\t\t\n\t<div class=\"img has-hover x md-x lg-x y md-y lg-y\" id=\"image_198485704\">\n\t\t\t\t\t\t\t\t<div class=\"img-inner dark\" >\n\t\t\t<img loading=\"lazy\" decoding=\"async\" width=\"1536\" height=\"1024\" src=\"https:\/\/www.kviar.fr\/wp-content\/uploads\/2026\/03\/Homepage-hero.png\" class=\"attachment-original size-original\" alt=\"\" srcset=\"https:\/\/www.kviar.fr\/wp-content\/uploads\/2026\/03\/Homepage-hero.png 1536w, https:\/\/www.kviar.fr\/wp-content\/uploads\/2026\/03\/Homepage-hero-300x200.png 300w, https:\/\/www.kviar.fr\/wp-content\/uploads\/2026\/03\/Homepage-hero-1024x683.png 1024w, https:\/\/www.kviar.fr\/wp-content\/uploads\/2026\/03\/Homepage-hero-768x512.png 768w, https:\/\/www.kviar.fr\/wp-content\/uploads\/2026\/03\/Homepage-hero-600x400.png 600w\" sizes=\"auto, (max-width: 1536px) 100vw, 1536px\" \/>\t\t\t\t\t\t\n\t\t\t\t\t<\/div>\n\t\t\t\t\t\t\t\t\n<style>\n#image_198485704 {\n  width: 100%;\n}\n<\/style>\n\t<\/div>\n\t\n\t\t<\/div>\n\t\t\t\t\t<\/div>\n\n\t\n<\/div>\n\t\t<\/div>\n\n\t\t\n<style>\n#section_497557966 {\n  padding-top: 70px;\n  padding-bottom: 70px;\n  background-color: rgb(23,23,23);\n}\n<\/style>\n\t<\/section>\n\t\n\n\t<section class=\"section\" id=\"section_1862969446\">\n\t\t<div class=\"section-bg fill\" >\n\t\t\t\t\t\t\t\t\t\n\t\t\t\n\n\t\t<\/div>\n\n\t\t\n\n\t\t<div class=\"section-content relative\">\n\t\t\t\n<div class=\"row\"  id=\"row-253140503\">\n\n\t<div id=\"col-1740504313\" class=\"col medium-4 large-4\"  >\n\t\t\t\t<div class=\"col-inner\"  >\n\t\t\t\n\t\t\t\n[icon_box title=&#8221;Nature&#8221; text=&#8221;\u00c0 la cuill\u00e8re en nacre, pour une d\u00e9gustation pure.&#8221;]\n\t\t<\/div>\n\t\t\t\t\t<\/div>\n\n\t\n\n\t<div id=\"col-7181294\" class=\"col medium-4 large-4\"  >\n\t\t\t\t<div class=\"col-inner\"  >\n\t\t\t\n\t\t\t\n[icon_box title=&#8221;Accords&#8221; text=&#8221;Champagne brut, vin blanc min\u00e9ral, vodka glac\u00e9e.&#8221;]\n\t\t<\/div>\n\t\t\t\t\t<\/div>\n\n\t\n\n\t<div id=\"col-1220969361\" class=\"col medium-4 large-4\"  >\n\t\t\t\t<div class=\"col-inner\"  >\n\t\t\t\n\t\t\t\n[icon_box title=&#8221;Service&#8221; text=&#8221;Dresser au dernier moment pour pr\u00e9server toute la fra\u00eecheur.&#8221;]\n\t\t<\/div>\n\t\t\t\t\t<\/div>\n\n\t\n<\/div>\n\t\t<\/div>\n\n\t\t\n<style>\n#section_1862969446 {\n  padding-top: 70px;\n  padding-bottom: 70px;\n  background-color: rgb(243,239,231);\n}\n<\/style>\n\t<\/section>\n\t\n","protected":false},"excerpt":{"rendered":"","protected":false},"author":1,"featured_media":0,"parent":0,"menu_order":3,"comment_status":"closed","ping_status":"closed","template":"","meta":{"footnotes":""},"class_list":["post-104","page","type-page","status-publish","hentry"],"_links":{"self":[{"href":"https:\/\/www.kviar.fr\/index.php\/wp-json\/wp\/v2\/pages\/104","targetHints":{"allow":["GET"]}}],"collection":[{"href":"https:\/\/www.kviar.fr\/index.php\/wp-json\/wp\/v2\/pages"}],"about":[{"href":"https:\/\/www.kviar.fr\/index.php\/wp-json\/wp\/v2\/types\/page"}],"author":[{"embeddable":true,"href":"https:\/\/www.kviar.fr\/index.php\/wp-json\/wp\/v2\/users\/1"}],"replies":[{"embeddable":true,"href":"https:\/\/www.kviar.fr\/index.php\/wp-json\/wp\/v2\/comments?post=104"}],"version-history":[{"count":2,"href":"https:\/\/www.kviar.fr\/index.php\/wp-json\/wp\/v2\/pages\/104\/revisions"}],"predecessor-version":[{"id":123,"href":"https:\/\/www.kviar.fr\/index.php\/wp-json\/wp\/v2\/pages\/104\/revisions\/123"}],"wp:attachment":[{"href":"https:\/\/www.kviar.fr\/index.php\/wp-json\/wp\/v2\/media?parent=104"}],"curies":[{"name":"wp","href":"https:\/\/api.w.org\/{rel}","templated":true}]}}