{"id":106,"date":"2026-03-31T20:56:00","date_gmt":"2026-03-31T20:56:00","guid":{"rendered":"https:\/\/example.com\/?page_id=106"},"modified":"2026-03-31T22:40:22","modified_gmt":"2026-03-31T22:40:22","slug":"contact","status":"publish","type":"page","link":"https:\/\/www.kviar.fr\/index.php\/contact\/","title":{"rendered":"Contact"},"content":{"rendered":"\n\t<section class=\"section dark\" id=\"section_1248322548\">\n\t\t<div class=\"section-bg fill\" >\n\t\t\t\t\t\t\t\t\t\n\t\t\t\n\n\t\t<\/div>\n\n\t\t\n\n\t\t<div class=\"section-content relative\">\n\t\t\t\n<div class=\"row\"  id=\"row-1154054035\">\n\n\t<div id=\"col-1196458138\" class=\"col medium-12 large-12\"  >\n\t\t\t\t<div class=\"col-inner text-center\"  >\n\t\t\t\n\t\t\t\n<h1 style=\"color:#C7A35D;\">Contact<\/h1>\n<p style=\"color:#F3EFE7;\">Pour toute demande priv\u00e9e, commande, renseignement produit ou partenariat, notre \u00e9quipe vous r\u00e9pond avec discr\u00e9tion et attention.<\/p>\n\t\t<\/div>\n\t\t\t\t\t<\/div>\n\n\t\n<\/div>\n\t\t<\/div>\n\n\t\t\n<style>\n#section_1248322548 {\n  padding-top: 90px;\n  padding-bottom: 90px;\n  background-color: rgb(11,11,11);\n}\n<\/style>\n\t<\/section>\n\t\n\n\t<section class=\"section dark\" id=\"section_1430265728\">\n\t\t<div class=\"section-bg fill\" >\n\t\t\t\t\t\t\t\t\t\n\t\t\t\n\n\t\t<\/div>\n\n\t\t\n\n\t\t<div class=\"section-content relative\">\n\t\t\t\n<div class=\"row\"  id=\"row-1830720297\">\n\n\t<div id=\"col-1619287161\" class=\"col medium-6 large-6\"  >\n\t\t\t\t<div class=\"col-inner\"  >\n\t\t\t\n\t\t\t\n<h2 style=\"color:#C7A35D;\">Kviar SAS<\/h2>\n<p style=\"color:#F3EFE7;\">10 rue Hibert, 06400 Cannes \u2013 France<br \/>+33 (0)6 64 11 33 93<br \/>info@kviar.fr<\/p>\n\t\t<\/div>\n\t\t\t\t\t<\/div>\n\n\t\n\n\t<div id=\"col-1198948252\" class=\"col medium-6 large-6\"  >\n\t\t\t\t<div class=\"col-inner\"  >\n\t\t\t\n\t\t\t\n<p class=\"wpcf7-contact-form-not-found\"><strong>Error:<\/strong> Contact form not found.<\/p>\n\t\t<\/div>\n\t\t\t\t\t<\/div>\n\n\t\n<\/div>\n\t\t<\/div>\n\n\t\t\n<style>\n#section_1430265728 {\n  padding-top: 70px;\n  padding-bottom: 70px;\n  background-color: rgb(23,23,23);\n}\n<\/style>\n\t<\/section>\n\t\n","protected":false},"excerpt":{"rendered":"","protected":false},"author":1,"featured_media":0,"parent":0,"menu_order":5,"comment_status":"closed","ping_status":"closed","template":"","meta":{"footnotes":""},"class_list":["post-106","page","type-page","status-publish","hentry"],"_links":{"self":[{"href":"https:\/\/www.kviar.fr\/index.php\/wp-json\/wp\/v2\/pages\/106","targetHints":{"allow":["GET"]}}],"collection":[{"href":"https:\/\/www.kviar.fr\/index.php\/wp-json\/wp\/v2\/pages"}],"about":[{"href":"https:\/\/www.kviar.fr\/index.php\/wp-json\/wp\/v2\/types\/page"}],"author":[{"embeddable":true,"href":"https:\/\/www.kviar.fr\/index.php\/wp-json\/wp\/v2\/users\/1"}],"replies":[{"embeddable":true,"href":"https:\/\/www.kviar.fr\/index.php\/wp-json\/wp\/v2\/comments?post=106"}],"version-history":[{"count":2,"href":"https:\/\/www.kviar.fr\/index.php\/wp-json\/wp\/v2\/pages\/106\/revisions"}],"predecessor-version":[{"id":128,"href":"https:\/\/www.kviar.fr\/index.php\/wp-json\/wp\/v2\/pages\/106\/revisions\/128"}],"wp:attachment":[{"href":"https:\/\/www.kviar.fr\/index.php\/wp-json\/wp\/v2\/media?parent=106"}],"curies":[{"name":"wp","href":"https:\/\/api.w.org\/{rel}","templated":true}]}}